{"id":5136,"date":"2024-03-07T15:26:39","date_gmt":"2024-03-07T14:26:39","guid":{"rendered":"https:\/\/expatax.al\/?page_id=5136"},"modified":"2025-10-23T08:21:48","modified_gmt":"2025-10-23T06:21:48","slug":"try-tax-ai-for-free","status":"publish","type":"page","link":"https:\/\/expatax.al\/da\/prov-tax-ai-gratis\/","title":{"rendered":"Pr\u00f8v TAX AI gratis"},"content":{"rendered":"<div class=\"wp-block-columns is-layout-flex wp-container-core-columns-is-layout-9d6595d7 wp-block-columns-is-layout-flex\">\n<div class=\"wp-block-column is-layout-flow wp-block-column-is-layout-flow\" style=\"flex-basis:100%\">\n<div class=\"wp-block-columns is-layout-flex wp-container-core-columns-is-layout-9d6595d7 wp-block-columns-is-layout-flex\">\n<div class=\"wp-block-column is-layout-flow wp-block-column-is-layout-flow\" style=\"flex-basis:100%\"><\/div>\n<\/div>\n<\/div>\n<\/div>\n\n\n\n<div class=\"cnvs-block-row cnvs-block-row-1751529795525 cnvs-block-row-columns-1\" >\n\t<div class=\"cnvs-block-row-inner\">\n\t\t\n\n<div class=\"cnvs-block-column cnvs-block-column-1751529795708\" >\n\t<div class=\"cnvs-block-column-inner\">\n\t\t<div>\n\t\t\t\n\n<div class=\"wp-block-columns is-not-stacked-on-mobile is-layout-flex wp-container-core-columns-is-layout-9d6595d7 wp-block-columns-is-layout-flex\">\n<div class=\"wp-block-column is-layout-flow wp-block-column-is-layout-flow\" style=\"flex-basis:100%\">\n<div class=\"wp-block-group is-style-cnvs-block-bg-light\"><div class=\"wp-block-group__inner-container is-layout-flow wp-block-group-is-layout-flow\">\n<h2 id=\"ask-anything-its-free-to-try\" class=\"wp-block-heading\">Sp\u00f8rg om hvad som helst. Det er gratis at pr\u00f8ve.<\/h2>\n\n\n<div class='mwai-chatbot-container' data-params='{&quot;aiName&quot;:&quot;TAX AI:&quot;,&quot;userName&quot;:&quot;User: &quot;,&quot;guestName&quot;:&quot;Guest:&quot;,&quot;textSend&quot;:&quot;Send&quot;,&quot;textClear&quot;:&quot;Clear&quot;,&quot;imageUpload&quot;:false,&quot;fileUpload&quot;:false,&quot;multiUpload&quot;:false,&quot;maxUploads&quot;:1,&quot;fileUploads&quot;:0,&quot;mode&quot;:&quot;chat&quot;,&quot;textInputPlaceholder&quot;:&quot;Type your question here&quot;,&quot;textInputMaxLength&quot;:512,&quot;textCompliance&quot;:&quot;This is a virtual assistant. It is super smart and will relay your query to a human if necessary. However, it can make mistakes. The chat is stored according to our privacy policy in order to allow us to service you.&quot;,&quot;startSentence&quot;:&quot;Welcome to Expatax Albania! Moving here or already an expat\\\/retiree? Ask me about taxes on property, retirement, or inheritance. I&#039;m here to assist and connect you with experts. Let&#039;s get started!&quot;,&quot;localMemory&quot;:true,&quot;themeId&quot;:&quot;messages&quot;,&quot;window&quot;:false,&quot;icon&quot;:&quot;chat-color-blue.svg&quot;,&quot;iconText&quot;:&quot;Click me to chat now&quot;,&quot;iconTextDelay&quot;:1,&quot;iconAlt&quot;:&quot;AI Chatbot Avatar&quot;,&quot;iconPosition&quot;:&quot;bottom-right&quot;,&quot;centerOpen&quot;:false,&quot;width&quot;:&quot;&quot;,&quot;openDelay&quot;:&quot;&quot;,&quot;iconBubble&quot;:false,&quot;windowAnimation&quot;:&quot;zoom&quot;,&quot;fullscreen&quot;:false,&quot;copyButton&quot;:true,&quot;headerSubtitle&quot;:&quot;Discuss with&quot;,&quot;containerType&quot;:&quot;standard&quot;,&quot;headerType&quot;:&quot;standard&quot;,&quot;messagesType&quot;:&quot;standard&quot;,&quot;inputType&quot;:&quot;standard&quot;,&quot;footerType&quot;:&quot;standard&quot;}' data-system='{&quot;botId&quot;:&quot;default&quot;,&quot;customId&quot;:null,&quot;userData&quot;:null,&quot;sessionId&quot;:&quot;69e6f3afaad15&quot;,&quot;restNonce&quot;:null,&quot;contextId&quot;:null,&quot;pluginUrl&quot;:&quot;https:\\\/\\\/expatax.al\\\/wp-content\\\/plugins\\\/ai-engine&quot;,&quot;restUrl&quot;:&quot;https:\\\/\\\/expatax.al\\\/da\\\/wp-json&quot;,&quot;stream&quot;:true,&quot;debugMode&quot;:true,&quot;eventLogs&quot;:false,&quot;speech_recognition&quot;:false,&quot;speech_synthesis&quot;:false,&quot;typewriter&quot;:false,&quot;crossSite&quot;:false,&quot;actions&quot;:[],&quot;blocks&quot;:[],&quot;shortcuts&quot;:[]}' data-theme='{&quot;type&quot;:&quot;internal&quot;,&quot;name&quot;:&quot;Messages&quot;,&quot;themeId&quot;:&quot;messages&quot;,&quot;settings&quot;:{&quot;fontSize&quot;:&quot;18px&quot;,&quot;backgroundAiColor&quot;:&quot;#ddd&quot;,&quot;backgroundPrimaryColor&quot;:&quot;#eee&quot;},&quot;style&quot;:&quot;&quot;,&quot;cssUrl&quot;:&quot;https:\\\/\\\/expatax.al\\\/wp-content\\\/plugins\\\/ai-engine\\\/themes\\\/messages.css&quot;}'><\/div>\n\n\n\n<p><span style=\"text-decoration: underline;\"><a href=\"https:\/\/expatax.al\/da\/register\/\" data-type=\"page\" data-id=\"5073\">Tilmeld dig gratis<\/a><\/span> for f\u00f8lgende fordele:<br><br>Optag din samtalehistorik med TAX AI<br>\u2713 Gem og f\u00e5 adgang til separate samtaler fra forskellige enheder<br>\u2713 St\u00f8rre m\u00e6ngde gratis foresp\u00f8rgsler<\/p>\n\n\n\n<p>Bem\u00e6rk venligst, at TAX AI-platformen kun er beregnet til informationsform\u00e5l og ikke udg\u00f8r juridisk eller skattem\u00e6ssig r\u00e5dgivning. For specifik r\u00e5dgivning, der er skr\u00e6ddersyet til dine individuelle omst\u00e6ndigheder, kan TAX AI introducere dig til en certificeret skatteekspert.<\/p>\n<\/div><\/div>\n\n\n\n<div class=\"wp-block-group is-style-cnvs-block-bg-light\"><div class=\"wp-block-group__inner-container is-layout-flow wp-block-group-is-layout-flow\">\n<h2 id=\"tax-queries-tax-ai-is-here-to-answer\" class=\"wp-block-heading\">Sp\u00f8rgsm\u00e5l om skat? TAX AI er her for at svare<\/h2>\n\n\n\n<p>If you&#8217;re an expat or a retiree, Expatax.al is the go-to resource for taxes in Albania. We mix AI-driven advice with expert knowledge for everyone considering moving to Albania or starting a business.<\/p>\n\n\n\n<p>Kurateret af specialiserede revisorer er vi her for at hj\u00e6lpe dig med alle dine skattesp\u00f8rgsm\u00e5l.<\/p>\n\n\n\n<h4 id=\"why-we-designed-tax-ai\" class=\"wp-block-heading\">Hvorfor vi designede TAX AI<\/h4>\n\n\n\n<p>At navigere i skatteverdenen kan v\u00e6re komplekst og tidskr\u00e6vende. Hos Expatax har vi udviklet TAX AI til at hj\u00e6lpe udstationerede og pensionister og forenkle beskatningen for dem. Vores platform giver \u00f8jeblikkelig adgang til p\u00e5lidelig skatteinformation og forbinder dig med certificerede skatteeksperter for personlig r\u00e5dgivning.<\/p>\n\n\n\n<h4 id=\"accessible-anytime-anywhere\" class=\"wp-block-heading\">Tilg\u00e6ngelig n\u00e5r som helst og hvor som helst<\/h4>\n\n\n\n<p>Vores AI-drevne platform er tilg\u00e6ngelig 24\/7 og giver \u00f8jeblikkelige svar p\u00e5 dine skatterelaterede sp\u00f8rgsm\u00e5l. Uanset om det er midt om natten eller en helligdag, er TAX AI her for at hj\u00e6lpe dig.<\/p>\n<\/div><\/div>\n<\/div>\n<\/div>\n\n\t\t<\/div>\n\t<\/div>\n<\/div>\n\n\t<\/div>\n<\/div>\n\n\n\n<div class=\"wp-block-group is-content-justification-center is-nowrap is-layout-flex wp-container-core-group-is-layout-94bc23d7 wp-block-group-is-layout-flex\"><\/div>","protected":false},"excerpt":{"rendered":"F\u00e5 ekspertr\u00e5dgivning om skat med TAX AI - din 24\/7 AI-assisterede platform til alle skatteforesp\u00f8rgsler p\u00e5 Malta. Tilmeld dig gratis og kom i kontakt med certificerede skatteeksperter.","protected":false},"author":1,"featured_media":0,"parent":0,"menu_order":0,"comment_status":"closed","ping_status":"closed","template":"","meta":{"csco_singular_sidebar":"disabled","csco_page_header_type":"","csco_appearance_masonry":"","csco_page_load_nextpost":"","csco_post_video_location":[],"csco_post_video_location_hash":"","csco_post_video_url":"","csco_post_video_bg_start_time":0,"csco_post_video_bg_end_time":0,"footnotes":""},"class_list":{"0":"post-5136","1":"page","2":"type-page","3":"status-publish","5":"cs-entry","6":"cs-video-wrap"},"_links":{"self":[{"href":"https:\/\/expatax.al\/da\/wp-json\/wp\/v2\/pages\/5136","targetHints":{"allow":["GET"]}}],"collection":[{"href":"https:\/\/expatax.al\/da\/wp-json\/wp\/v2\/pages"}],"about":[{"href":"https:\/\/expatax.al\/da\/wp-json\/wp\/v2\/types\/page"}],"author":[{"embeddable":true,"href":"https:\/\/expatax.al\/da\/wp-json\/wp\/v2\/users\/1"}],"replies":[{"embeddable":true,"href":"https:\/\/expatax.al\/da\/wp-json\/wp\/v2\/comments?post=5136"}],"version-history":[{"count":17,"href":"https:\/\/expatax.al\/da\/wp-json\/wp\/v2\/pages\/5136\/revisions"}],"predecessor-version":[{"id":6208,"href":"https:\/\/expatax.al\/da\/wp-json\/wp\/v2\/pages\/5136\/revisions\/6208"}],"wp:attachment":[{"href":"https:\/\/expatax.al\/da\/wp-json\/wp\/v2\/media?parent=5136"}],"curies":[{"name":"wp","href":"https:\/\/api.w.org\/{rel}","templated":true}]}}