{"id":5282,"date":"2024-03-20T13:17:31","date_gmt":"2024-03-20T12:17:31","guid":{"rendered":"https:\/\/expatax.al\/pricing\/"},"modified":"2024-09-11T14:04:13","modified_gmt":"2024-09-11T12:04:13","slug":"pricing","status":"publish","type":"page","link":"https:\/\/expatax.al\/da\/prisfastsaettelse\/","title":{"rendered":"Expatax Albania Pricing"},"content":{"rendered":"<h3 id=\"navigate-albanian-taxes-with-confidence-pick-your-plan\" class=\"wp-block-heading\">Navigate Albanian Taxes with Confidence: Pick Your Plan<\/h3>\n\n\n\n<p>Din tilfredshed er vores h\u00f8jeste prioritet. Hvis du ikke er helt tilfreds med vores service inden for de f\u00f8rste 15 dage, skal du blot kontakte os og bede om fuld refusion. Ingen sp\u00f8rgsm\u00e5l stilles.<\/p>\n\n\n\n<div class=\"wp-block-columns alignwide pms-pt-gap is-layout-flex wp-container-core-columns-is-layout-829b1d53 wp-block-columns-is-layout-flex\" style=\"margin-bottom:0\">\n<div class=\"wp-block-column pms-pt-border-1 pms-pt-card-1 has-border-color is-layout-constrained wp-container-core-column-is-layout-97875daf wp-block-column-is-layout-constrained\" style=\"border-color:#7a838b;border-width:2px;padding-top:var(--wp--preset--spacing--30);padding-right:var(--wp--preset--spacing--30);padding-bottom:var(--wp--preset--spacing--30);padding-left:var(--wp--preset--spacing--30)\">\n<h2 id=\"free-account\" class=\"wp-block-heading has-text-align-center pms-pt-text-title has-text-color\" style=\"color:#7a838b;font-style:normal;font-weight:500\">Gratis konto<\/h2>\n\n\n\n<h3 id=\"0e\" class=\"wp-block-heading has-text-align-center pms-pt-text-price has-text-color\" style=\"color:#7a838b\">0\u20ac<span class=\"pms-pt-text-duration\"><\/span><\/h3>\n\n\n\n<ul class=\"wp-block-list\">\n<li>Begr\u00e6nset adgang til TAX AI.<\/li>\n\n\n\n<li>Kuraterede artikler og ofte stillede sp\u00f8rgsm\u00e5l.<\/li>\n\n\n\n<li>Betalte ekspertkonsultationer efter behov.<\/li>\n<\/ul>\n\n\n\n<div class=\"wp-block-buttons pms-pt-button-column-1 is-content-justification-center is-layout-flex wp-container-core-buttons-is-layout-e1485a7b wp-block-buttons-is-layout-flex\">\n<div class=\"wp-block-button has-custom-width wp-block-button__width-75 is-style-outline is-style-outline--12\"><a class=\"wp-block-button__link has-text-align-center wp-element-button\" href=\"https:\/\/expatax.al\/da\/register\/?subscription_plan=5279&amp;single_plan=yes\" style=\"border-radius:0px\"><strong>K\u00f8b nu<\/strong><\/a><\/div>\n<\/div>\n<\/div>\n\n\n\n<div class=\"wp-block-column pms-pt-border-2 pms-pt-card-2 has-border-color is-layout-constrained wp-container-core-column-is-layout-97875daf wp-block-column-is-layout-constrained\" style=\"border-color:#d7b045;border-width:2px;padding-top:var(--wp--preset--spacing--30);padding-right:var(--wp--preset--spacing--30);padding-bottom:var(--wp--preset--spacing--30);padding-left:var(--wp--preset--spacing--30)\">\n<h2 id=\"premium\" class=\"wp-block-heading has-text-align-center pms-pt-text-title has-text-color\" style=\"color:#d7b045;font-style:normal;font-weight:500\">Premium<\/h2>\n\n\n\n<h3 id=\"29e-month\" class=\"wp-block-heading has-text-align-center pms-pt-text-price has-text-color\" style=\"color:#d7b045\">29\u20ac<span class=\"pms-pt-text-duration\"><span class=\"pms-divider\"> \/ <\/span>M\u00e5ned<\/span><\/h3>\n\n\n\n<p class=\"has-text-align-center\"><span class=\"pms-pt-text-description\">Ideal for expats and retirees who need ongoing guidance in the Albanian<\/span> <span class=\"pms-pt-text-description\">tax landscape.<\/span><\/p>\n\n\n\n<p class=\"has-text-align-center\"><span class=\"pms-pt-text-description\">Alt i den gratis plan, plus<\/span><\/p>\n\n\n\n<ul class=\"pms-pt-list pms-pt-list-extra wp-block-list\">\n<li>Ubegr\u00e6nset 24\/7 adgang til TAX AI.<\/li>\n\n\n\n<li>Inkluderet: en 15-minutters konsultation med en skatteekspert om m\u00e5neden.<\/li>\n\n\n\n<li>Adgang til alle artikler, webinarer og ressourcer, der kan downloades.<\/li>\n\n\n\n<li>Prioriteret kundesupport<\/li>\n<\/ul>\n\n\n\n<div class=\"wp-block-buttons pms-pt-button-column-2 is-content-justification-center is-layout-flex wp-container-core-buttons-is-layout-e1485a7b wp-block-buttons-is-layout-flex\">\n<div class=\"wp-block-button has-custom-width wp-block-button__width-75 is-style-outline is-style-outline--13\"><a class=\"wp-block-button__link has-text-align-center wp-element-button\" href=\"https:\/\/expatax.al\/da\/register\/?subscription_plan=5280&amp;single_plan=yes\" style=\"border-radius:0px\"><strong>K\u00f8b nu<\/strong><\/a><\/div>\n<\/div>\n<\/div>\n\n\n\n<div class=\"wp-block-column pms-pt-border-1 pms-pt-card-3 has-border-color is-layout-constrained wp-container-core-column-is-layout-97875daf wp-block-column-is-layout-constrained\" style=\"border-color:#6eb096;border-width:2px;padding-top:var(--wp--preset--spacing--30);padding-right:var(--wp--preset--spacing--30);padding-bottom:var(--wp--preset--spacing--30);padding-left:var(--wp--preset--spacing--30)\">\n<h2 id=\"professional\" class=\"wp-block-heading has-text-align-center pms-pt-text-title has-text-color\" style=\"color:#6eb096;font-style:normal;font-weight:500\">Professionel<\/h2>\n\n\n\n<h3 id=\"49e-month\" class=\"wp-block-heading has-text-align-center pms-pt-text-price has-text-color\" style=\"color:#6eb096\">49\u20ac<span class=\"pms-pt-text-duration\"><span class=\"pms-divider\"> \/ <\/span>M\u00e5ned<\/span><\/h3>\n\n\n\n<p class=\"has-text-align-center\"><span class=\"pms-pt-text-description\">En plan, der er udt\u00e6nkt til at im\u00f8dekomme behovene hos udstationerede og pensionister <\/span>der har brug for specialiseret, l\u00f8bende st\u00f8tte.<\/p>\n\n\n\n<p class=\"has-text-align-center\"><span class=\"pms-pt-text-description\">Alt i Premium-planen, plus<\/span><\/p>\n\n\n\n<ul class=\"pms-pt-list wp-block-list\">\n<li>2 x 15 minutters konsultation med en skatteekspert pr. m\u00e5ned.<\/li>\n\n\n\n<li>Eksklusiv adgang til nye funktioner og v\u00e6rkt\u00f8jer, f\u00f8r de bliver frigivet til offentligheden.<\/li>\n\n\n\n<li>En dedikeret account manager.<\/li>\n\n\n\n<li>20%-rabat p\u00e5 alle ekspertkonsultationer og \u00e5rlige skatteservices.<\/li>\n<\/ul>\n\n\n\n<div class=\"wp-block-buttons pms-pt-button-column-1 is-content-justification-center is-layout-flex wp-container-core-buttons-is-layout-16018d1d wp-block-buttons-is-layout-flex\">\n<div class=\"wp-block-button has-custom-width wp-block-button__width-75 is-style-outline is-style-outline--14\"><a class=\"wp-block-button__link has-text-align-center wp-element-button\" href=\"https:\/\/expatax.al\/da\/register\/?subscription_plan=5281&amp;single_plan=yes\" style=\"border-radius:0px\"><strong>K\u00f8b nu<\/strong><\/a><\/div>\n<\/div>\n<\/div>\n<\/div>","protected":false},"excerpt":{"rendered":"Navigate Albanian Taxes with Confidence: Pick Your Plan Your satisfaction is our top priority. If you&#8217;re not completely&hellip;","protected":false},"author":1,"featured_media":0,"parent":0,"menu_order":0,"comment_status":"closed","ping_status":"closed","template":"","meta":{"csco_singular_sidebar":"","csco_page_header_type":"","csco_appearance_masonry":"","csco_page_load_nextpost":"","csco_post_video_location":[],"csco_post_video_location_hash":"","csco_post_video_url":"","csco_post_video_bg_start_time":0,"csco_post_video_bg_end_time":0,"footnotes":""},"class_list":{"0":"post-5282","1":"page","2":"type-page","3":"status-publish","5":"cs-entry","6":"cs-video-wrap"},"_links":{"self":[{"href":"https:\/\/expatax.al\/da\/wp-json\/wp\/v2\/pages\/5282","targetHints":{"allow":["GET"]}}],"collection":[{"href":"https:\/\/expatax.al\/da\/wp-json\/wp\/v2\/pages"}],"about":[{"href":"https:\/\/expatax.al\/da\/wp-json\/wp\/v2\/types\/page"}],"author":[{"embeddable":true,"href":"https:\/\/expatax.al\/da\/wp-json\/wp\/v2\/users\/1"}],"replies":[{"embeddable":true,"href":"https:\/\/expatax.al\/da\/wp-json\/wp\/v2\/comments?post=5282"}],"version-history":[{"count":4,"href":"https:\/\/expatax.al\/da\/wp-json\/wp\/v2\/pages\/5282\/revisions"}],"predecessor-version":[{"id":5778,"href":"https:\/\/expatax.al\/da\/wp-json\/wp\/v2\/pages\/5282\/revisions\/5778"}],"wp:attachment":[{"href":"https:\/\/expatax.al\/da\/wp-json\/wp\/v2\/media?parent=5282"}],"curies":[{"name":"wp","href":"https:\/\/api.w.org\/{rel}","templated":true}]}}