{"id":5136,"date":"2024-03-07T15:26:39","date_gmt":"2024-03-07T14:26:39","guid":{"rendered":"https:\/\/expatax.al\/?page_id=5136"},"modified":"2025-10-23T08:21:48","modified_gmt":"2025-10-23T06:21:48","slug":"try-tax-ai-for-free","status":"publish","type":"page","link":"https:\/\/expatax.al\/de\/tax-ai-kostenlos-testen\/","title":{"rendered":"TAX AI kostenlos testen"},"content":{"rendered":"<div class=\"wp-block-columns is-layout-flex wp-container-core-columns-is-layout-9d6595d7 wp-block-columns-is-layout-flex\">\n<div class=\"wp-block-column is-layout-flow wp-block-column-is-layout-flow\" style=\"flex-basis:100%\">\n<div class=\"wp-block-columns is-layout-flex wp-container-core-columns-is-layout-9d6595d7 wp-block-columns-is-layout-flex\">\n<div class=\"wp-block-column is-layout-flow wp-block-column-is-layout-flow\" style=\"flex-basis:100%\"><\/div>\n<\/div>\n<\/div>\n<\/div>\n\n\n\n<div class=\"cnvs-block-row cnvs-block-row-1751529795525 cnvs-block-row-columns-1\" >\n\t<div class=\"cnvs-block-row-inner\">\n\t\t\n\n<div class=\"cnvs-block-column cnvs-block-column-1751529795708\" >\n\t<div class=\"cnvs-block-column-inner\">\n\t\t<div>\n\t\t\t\n\n<div class=\"wp-block-columns is-not-stacked-on-mobile is-layout-flex wp-container-core-columns-is-layout-9d6595d7 wp-block-columns-is-layout-flex\">\n<div class=\"wp-block-column is-layout-flow wp-block-column-is-layout-flow\" style=\"flex-basis:100%\">\n<div class=\"wp-block-group is-style-cnvs-block-bg-light\"><div class=\"wp-block-group__inner-container is-layout-flow wp-block-group-is-layout-flow\">\n<h2 id=\"ask-anything-its-free-to-try\" class=\"wp-block-heading\">Fragen Sie irgendetwas. Der Versuch ist kostenlos.<\/h2>\n\n\n<div class='mwai-chatbot-container' data-params='{&quot;aiName&quot;:&quot;TAX AI:&quot;,&quot;userName&quot;:&quot;User: &quot;,&quot;guestName&quot;:&quot;Guest:&quot;,&quot;textSend&quot;:&quot;Send&quot;,&quot;textClear&quot;:&quot;Clear&quot;,&quot;imageUpload&quot;:false,&quot;fileUpload&quot;:false,&quot;multiUpload&quot;:false,&quot;maxUploads&quot;:1,&quot;fileUploads&quot;:0,&quot;mode&quot;:&quot;chat&quot;,&quot;textInputPlaceholder&quot;:&quot;Type your question here&quot;,&quot;textInputMaxLength&quot;:512,&quot;textCompliance&quot;:&quot;This is a virtual assistant. It is super smart and will relay your query to a human if necessary. However, it can make mistakes. The chat is stored according to our privacy policy in order to allow us to service you.&quot;,&quot;startSentence&quot;:&quot;Welcome to Expatax Albania! Moving here or already an expat\\\/retiree? Ask me about taxes on property, retirement, or inheritance. I&#039;m here to assist and connect you with experts. Let&#039;s get started!&quot;,&quot;localMemory&quot;:true,&quot;themeId&quot;:&quot;messages&quot;,&quot;window&quot;:false,&quot;icon&quot;:&quot;chat-color-blue.svg&quot;,&quot;iconText&quot;:&quot;Click me to chat now&quot;,&quot;iconTextDelay&quot;:1,&quot;iconAlt&quot;:&quot;AI Chatbot Avatar&quot;,&quot;iconPosition&quot;:&quot;bottom-right&quot;,&quot;centerOpen&quot;:false,&quot;width&quot;:&quot;&quot;,&quot;openDelay&quot;:&quot;&quot;,&quot;iconBubble&quot;:false,&quot;windowAnimation&quot;:&quot;zoom&quot;,&quot;fullscreen&quot;:false,&quot;copyButton&quot;:true,&quot;headerSubtitle&quot;:&quot;Discuss with&quot;,&quot;containerType&quot;:&quot;standard&quot;,&quot;headerType&quot;:&quot;standard&quot;,&quot;messagesType&quot;:&quot;standard&quot;,&quot;inputType&quot;:&quot;standard&quot;,&quot;footerType&quot;:&quot;standard&quot;}' data-system='{&quot;botId&quot;:&quot;default&quot;,&quot;customId&quot;:null,&quot;userData&quot;:null,&quot;sessionId&quot;:&quot;69e6f0973dace&quot;,&quot;restNonce&quot;:null,&quot;contextId&quot;:null,&quot;pluginUrl&quot;:&quot;https:\\\/\\\/expatax.al\\\/wp-content\\\/plugins\\\/ai-engine&quot;,&quot;restUrl&quot;:&quot;https:\\\/\\\/expatax.al\\\/de\\\/wp-json&quot;,&quot;stream&quot;:true,&quot;debugMode&quot;:true,&quot;eventLogs&quot;:false,&quot;speech_recognition&quot;:false,&quot;speech_synthesis&quot;:false,&quot;typewriter&quot;:false,&quot;crossSite&quot;:false,&quot;actions&quot;:[],&quot;blocks&quot;:[],&quot;shortcuts&quot;:[]}' data-theme='{&quot;type&quot;:&quot;internal&quot;,&quot;name&quot;:&quot;Messages&quot;,&quot;themeId&quot;:&quot;messages&quot;,&quot;settings&quot;:{&quot;fontSize&quot;:&quot;18px&quot;,&quot;backgroundAiColor&quot;:&quot;#ddd&quot;,&quot;backgroundPrimaryColor&quot;:&quot;#eee&quot;},&quot;style&quot;:&quot;&quot;,&quot;cssUrl&quot;:&quot;https:\\\/\\\/expatax.al\\\/wp-content\\\/plugins\\\/ai-engine\\\/themes\\\/messages.css&quot;}'><\/div>\n\n\n\n<p><span style=\"text-decoration: underline;\"><a href=\"https:\/\/expatax.al\/de\/registrieren\/\" data-type=\"page\" data-id=\"5073\">Kostenlos registrieren<\/a><\/span> f\u00fcr die folgenden Verg\u00fcnstigungen:<br><br>\u2713 Zeichnen Sie Ihren Gespr\u00e4chsverlauf mit TAX AI auf.<br>\u2713 Speichern und Abrufen separater Gespr\u00e4che von verschiedenen Ger\u00e4ten aus<br>\u2713 H\u00f6here Anzahl von freien Abfragen<\/p>\n\n\n\n<p>Bitte beachten Sie, dass die TAX AI Plattform nur zu Informationszwecken gedacht ist und keine Rechts- oder Steuerberatung darstellt. F\u00fcr eine spezifische, auf Ihre individuellen Umst\u00e4nde zugeschnittene Beratung kann TAX AI Sie mit einem zertifizierten Steuerexperten zusammenbringen.<\/p>\n<\/div><\/div>\n\n\n\n<div class=\"wp-block-group is-style-cnvs-block-bg-light\"><div class=\"wp-block-group__inner-container is-layout-flow wp-block-group-is-layout-flow\">\n<h2 id=\"tax-queries-tax-ai-is-here-to-answer\" class=\"wp-block-heading\">Steuerfragen? TAX AI ist hier, um zu antworten<\/h2>\n\n\n\n<p>If you&#8217;re an expat or a retiree, Expatax.al is the go-to resource for taxes in Albania. We mix AI-driven advice with expert knowledge for everyone considering moving to Albania or starting a business.<\/p>\n\n\n\n<p>Von spezialisierten Buchhaltern kuratiert, sind wir f\u00fcr alle Ihre Steuerfragen da.<\/p>\n\n\n\n<h4 id=\"why-we-designed-tax-ai\" class=\"wp-block-heading\">Warum wir TAX AI entwickelt haben<\/h4>\n\n\n\n<p>Sich in der Welt der Steuern zurechtzufinden, kann komplex und zeitaufwendig sein. Bei Expatax haben wir TAX AI entwickelt, um Expatriates und Rentner zu unterst\u00fctzen und die Besteuerung f\u00fcr sie zu vereinfachen. Unsere Plattform bietet sofortigen Zugang zu zuverl\u00e4ssigen Steuerinformationen und verbindet Sie mit zertifizierten Steuerexperten f\u00fcr eine pers\u00f6nliche Beratung.<\/p>\n\n\n\n<h4 id=\"accessible-anytime-anywhere\" class=\"wp-block-heading\">Jederzeit und \u00fcberall zug\u00e4nglich<\/h4>\n\n\n\n<p>Unsere KI-gest\u00fctzte Plattform ist rund um die Uhr verf\u00fcgbar und bietet sofortige Antworten auf Ihre steuerlichen Fragen. Ob mitten in der Nacht oder an einem Feiertag - TAX AI ist f\u00fcr Sie da.<\/p>\n<\/div><\/div>\n<\/div>\n<\/div>\n\n\t\t<\/div>\n\t<\/div>\n<\/div>\n\n\t<\/div>\n<\/div>\n\n\n\n<div class=\"wp-block-group is-content-justification-center is-nowrap is-layout-flex wp-container-core-group-is-layout-94bc23d7 wp-block-group-is-layout-flex\"><\/div>","protected":false},"excerpt":{"rendered":"Holen Sie sich kompetente Steuerberatung mit TAX AI - Ihrer 24\/7 KI-gest\u00fctzten Plattform f\u00fcr alle Steuerfragen in Malta. Melden Sie sich kostenlos an und verbinden Sie sich mit zertifizierten Steuerexperten.","protected":false},"author":1,"featured_media":0,"parent":0,"menu_order":0,"comment_status":"closed","ping_status":"closed","template":"","meta":{"csco_singular_sidebar":"disabled","csco_page_header_type":"","csco_appearance_masonry":"","csco_page_load_nextpost":"","csco_post_video_location":[],"csco_post_video_location_hash":"","csco_post_video_url":"","csco_post_video_bg_start_time":0,"csco_post_video_bg_end_time":0,"footnotes":""},"class_list":{"0":"post-5136","1":"page","2":"type-page","3":"status-publish","5":"cs-entry","6":"cs-video-wrap"},"_links":{"self":[{"href":"https:\/\/expatax.al\/de\/wp-json\/wp\/v2\/pages\/5136","targetHints":{"allow":["GET"]}}],"collection":[{"href":"https:\/\/expatax.al\/de\/wp-json\/wp\/v2\/pages"}],"about":[{"href":"https:\/\/expatax.al\/de\/wp-json\/wp\/v2\/types\/page"}],"author":[{"embeddable":true,"href":"https:\/\/expatax.al\/de\/wp-json\/wp\/v2\/users\/1"}],"replies":[{"embeddable":true,"href":"https:\/\/expatax.al\/de\/wp-json\/wp\/v2\/comments?post=5136"}],"version-history":[{"count":17,"href":"https:\/\/expatax.al\/de\/wp-json\/wp\/v2\/pages\/5136\/revisions"}],"predecessor-version":[{"id":6208,"href":"https:\/\/expatax.al\/de\/wp-json\/wp\/v2\/pages\/5136\/revisions\/6208"}],"wp:attachment":[{"href":"https:\/\/expatax.al\/de\/wp-json\/wp\/v2\/media?parent=5136"}],"curies":[{"name":"wp","href":"https:\/\/api.w.org\/{rel}","templated":true}]}}