{"id":5073,"date":"2024-03-06T13:50:25","date_gmt":"2024-03-06T12:50:25","guid":{"rendered":"https:\/\/expatax.al\/register\/"},"modified":"2025-10-31T07:44:50","modified_gmt":"2025-10-31T06:44:50","slug":"register","status":"publish","type":"page","link":"https:\/\/expatax.al\/fr\/registre\/","title":{"rendered":"Registre"},"content":{"rendered":"<form id=\"pms_register-form\" class=\"pms-form\" method=\"POST\" action=\"\">\n\n    \n    <input type=\"hidden\" id=\"pmstkn\" name=\"pmstkn\" value=\"6df6ef3b1f\" \/><input type=\"hidden\" name=\"_wp_http_referer\" value=\"\/fr\/wp-json\/wp\/v2\/pages\/5073\" \/>\n    <ul class=\"pms-form-fields-wrapper\">\n\n        \n        \n        <div class=\"pms-account-section-wrapper\">\n            \n                        <li class=\"pms-field pms-user-login-field\">\n                <label for=\"pms_user_login\">Identifiant (Pr\u00e9nom Nom) *<\/label>\n                <input id=\"pms_user_login\" name=\"user_login\" type=\"text\" value=\"\" \/>\n\n                            <\/li>\n\n                        <li class=\"pms-field pms-user-email-field\">\n                <label for=\"pms_user_email\">E-mail *<\/label>\n                <input id=\"pms_user_email\" name=\"user_email\" type=\"text\" value=\"\" \/>\n\n                            <\/li>\n\n                        <li class=\"pms-field pms-first-name-field\">\n                <label for=\"pms_first_name\">Pr\u00e9nom<\/label>\n                <input id=\"pms_first_name\" name=\"first_name\" type=\"text\" value=\"\" \/>\n\n                            <\/li>\n\n                        <li class=\"pms-field pms-last-name-field\">\n                <label for=\"pms_last_name\">Nom<\/label>\n                <input id=\"pms_last_name\" name=\"last_name\" type=\"text\" value=\"\" \/>\n\n                            <\/li>\n\n                        <li class=\"pms-field pms-pass1-field\">\n                <label for=\"pms_pass1\">Mot de passe *<\/label>\n                <input id=\"pms_pass1\" name=\"pass1\" type=\"password\" \/>\n\n                \n                            <\/li>\n\n                        <li class=\"pms-field pms-pass2-field\">\n                <label for=\"pms_pass2\">Confirmer le mot de passe *<\/label>\n                <input id=\"pms_pass2\" name=\"pass2\" type=\"password\" \/>\n\n                            <\/li>\n\n                    <\/div>\n\n        \n        <li class=\"pms-field pms-field-subscriptions\"><div class=\"pms-subscription-plan pms-subscription-plan-5281\"><label><input type=\"radio\" name=\"subscription_plans\" data-price=\"49\" data-duration=\"1\" data-fixed_membership=\"\" data-allow_renew=\"\" data-sign_up_fee=\"0\" data-trial=\"0\" data-recurring=\"0\"  value=\"5281\"  checked='checked'data-default-selected=\"true\" \/><span class=\"pms-subscription-plan-name\">Professionnel<\/span><span class=\"pms-subscription-plan-price\"><span class=\"pms-divider\"> - <\/span><span class=\"pms-subscription-plan-currency\">&#8364;<\/span><span class=\"pms-subscription-plan-price-value\">49<\/span><span class=\"pms-divider pms-duration-divider\"> \/ <\/span><span class=\"pms-subscription-plan-duration\">1 Mois<\/span><\/span><span class=\"pms-subscription-plan-trial\"><\/span><span class=\"pms-subscription-plan-sign-up-fee\"><\/span><\/label><div class=\"pms-subscription-plan-description\">Tous les avantages de l'acc\u00e8s Premium.\r\nInclus : 2 consultations de 15 minutes par mois avec un expert fiscal.\r\nUn acc\u00e8s exclusif aux nouvelles fonctionnalit\u00e9s et aux nouveaux outils avant qu'ils ne soient mis \u00e0 la disposition du public.\r\nUn gestionnaire de compte d\u00e9di\u00e9.<\/div><\/div><div class=\"pms-subscription-plan pms-subscription-plan-5280\"><label><input type=\"radio\" name=\"subscription_plans\" data-price=\"29\" data-duration=\"1\" data-fixed_membership=\"\" data-allow_renew=\"\" data-sign_up_fee=\"0\" data-trial=\"0\" data-recurring=\"0\"  value=\"5280\" data-default-checked=\"false\" \/><span class=\"pms-subscription-plan-name\">Prime<\/span><span class=\"pms-subscription-plan-price\"><span class=\"pms-divider\"> - <\/span><span class=\"pms-subscription-plan-currency\">&#8364;<\/span><span class=\"pms-subscription-plan-price-value\">29<\/span><span class=\"pms-divider pms-duration-divider\"> \/ <\/span><span class=\"pms-subscription-plan-duration\">1 Mois<\/span><\/span><span class=\"pms-subscription-plan-trial\"><\/span><span class=\"pms-subscription-plan-sign-up-fee\"><\/span><\/label><div class=\"pms-subscription-plan-description\">Acc\u00e8s illimit\u00e9 24 heures sur 24 et 7 jours sur 7 \u00e0 TAX AI.\r\nInclus : une consultation de 15 minutes par mois avec un expert en fiscalit\u00e9.\r\nAcc\u00e8s \u00e0 tous les articles, webinaires et ressources t\u00e9l\u00e9chargeables.\r\nSupport client prioritaire.<\/div><\/div><div class=\"pms-subscription-plan pms-subscription-plan-5279\"><label><input type=\"radio\" name=\"subscription_plans\" data-price=\"0\" data-duration=\"0\" data-fixed_membership=\"\" data-allow_renew=\"\" data-sign_up_fee=\"0\" data-trial=\"0\" data-recurring=\"0\"  value=\"5279\" data-default-checked=\"false\" \/><span class=\"pms-subscription-plan-name\">Compte gratuit<\/span><span class=\"pms-subscription-plan-price\"><span class=\"pms-divider\"> - <\/span><span class=\"pms-subscription-plan-price-value\">Gratuit<\/span><\/span><span class=\"pms-subscription-plan-trial\"><\/span><span class=\"pms-subscription-plan-sign-up-fee\"><\/span><\/label><div class=\"pms-subscription-plan-description\">Acc\u00e8s limit\u00e9 \u00e0 l'IA TAXE.\r\nArticles et foires aux questions (FAQ).\r\nConsultations d'experts sur demande.<\/div><\/div><\/li>\n    <\/ul>\n\n    <span id=\"pms-submit-button-loading-placeholder-text\" style=\"display: none;\">En cours. Patientez, s&#039;il vous pla\u00eet...<\/span><div class=\"pms-paygates-holder\"><div id=\"pms-paygates-wrapper\"><input type=\"hidden\" class=\"pms_pay_gate\" name=\"pay_gate\" value=\"stripe_connect\" data-sign_up_fee=\"1\" data-trial=\"1\" data-recurring=\"1\"  data-type=\"extra_fields\" \/><\/div><\/div><input type=\"hidden\" id=\"pms-process-checkout-nonce\" name=\"pms_process_checkout_nonce\" value=\"072c25413e\"\/><div id=\"pms-recaptcha-register-wrapper\" class=\"pms-field\"><div id=\"pms-recaptcha-register\" class=\"pms-recaptcha g-recaptcha\" data-sitekey=\"6LfdjcgrAAAAAN1IK3fngKB9tuxFSLnTRlpx1CXd\" data-theme=\"light\" data-size=\"normal\"><\/div><\/div>\n            <input class=\"pms-form-submit\" name=\"pms_register\" type=\"submit\" value=\"S&#039;inscrire\" \/>\n    \n<input type=\"hidden\" name=\"trp-form-language\" value=\"fr\"\/><\/form>","protected":false},"excerpt":{"rendered":"","protected":false},"author":1,"featured_media":0,"parent":0,"menu_order":0,"comment_status":"closed","ping_status":"closed","template":"","meta":{"csco_singular_sidebar":"","csco_page_header_type":"","csco_appearance_masonry":"","csco_page_load_nextpost":"","csco_post_video_location":[],"csco_post_video_location_hash":"","csco_post_video_url":"","csco_post_video_bg_start_time":0,"csco_post_video_bg_end_time":0,"footnotes":""},"class_list":{"0":"post-5073","1":"page","2":"type-page","3":"status-publish","5":"cs-entry","6":"cs-video-wrap"},"_links":{"self":[{"href":"https:\/\/expatax.al\/fr\/wp-json\/wp\/v2\/pages\/5073","targetHints":{"allow":["GET"]}}],"collection":[{"href":"https:\/\/expatax.al\/fr\/wp-json\/wp\/v2\/pages"}],"about":[{"href":"https:\/\/expatax.al\/fr\/wp-json\/wp\/v2\/types\/page"}],"author":[{"embeddable":true,"href":"https:\/\/expatax.al\/fr\/wp-json\/wp\/v2\/users\/1"}],"replies":[{"embeddable":true,"href":"https:\/\/expatax.al\/fr\/wp-json\/wp\/v2\/comments?post=5073"}],"version-history":[{"count":2,"href":"https:\/\/expatax.al\/fr\/wp-json\/wp\/v2\/pages\/5073\/revisions"}],"predecessor-version":[{"id":5150,"href":"https:\/\/expatax.al\/fr\/wp-json\/wp\/v2\/pages\/5073\/revisions\/5150"}],"wp:attachment":[{"href":"https:\/\/expatax.al\/fr\/wp-json\/wp\/v2\/media?parent=5073"}],"curies":[{"name":"wp","href":"https:\/\/api.w.org\/{rel}","templated":true}]}}